{"id":63,"date":"2025-07-08T13:24:14","date_gmt":"2025-07-08T13:24:14","guid":{"rendered":"https:\/\/mirbaskov.com\/?page_id=63"},"modified":"2025-10-03T06:48:41","modified_gmt":"2025-10-03T06:48:41","slug":"contacto","status":"publish","type":"page","link":"https:\/\/mirbaskov.com\/es\/contacto\/","title":{"rendered":"Contacto"},"content":{"rendered":"\n<div id=\"datos-contacto\" class=\"wp-block-group f-claro\"><div class=\"wp-block-group__inner-container is-layout-constrained wp-block-group-is-layout-constrained\">\n<div class=\"wp-block-group main-p\"><div class=\"wp-block-group__inner-container is-layout-constrained wp-block-group-is-layout-constrained\">\n<h2 class=\"wp-block-heading destacado mb-5\">Datos de contacto<\/h2>\n\n\n\n<div class=\"wp-block-group grid-4 sobre-mi mt-5 main-p p-0\"><div class=\"wp-block-group__inner-container is-layout-constrained wp-block-group-is-layout-constrained\">\n<div class=\"wp-block-group\"><div class=\"wp-block-group__inner-container is-layout-constrained wp-block-group-is-layout-constrained\">\n<figure class=\"wp-block-image size-full is-resized\"><img decoding=\"async\" src=\"https:\/\/mirbaskov.com\/wp-content\/uploads\/2025\/07\/icono-contacto-whatsapp.svg\" alt=\"\" class=\"wp-image-378\" style=\"width:90px\"\/><\/figure>\n\n\n\n<p><strong>WHATSAPP<\/strong><br><strong><a href=\"tel:+34671251843\">+34 671251843<\/a><\/strong><\/p>\n<\/div><\/div>\n\n\n\n<div class=\"wp-block-group\"><div class=\"wp-block-group__inner-container is-layout-constrained wp-block-group-is-layout-constrained\">\n<figure class=\"wp-block-image size-full is-resized\"><img decoding=\"async\" src=\"https:\/\/mirbaskov.com\/wp-content\/uploads\/2025\/07\/icono-sobre.svg\" alt=\"\" class=\"wp-image-375\" style=\"width:90px\"\/><\/figure>\n\n\n\n<p><strong>EMAIL<br><a href=\"mailto:contact@mirbaskov.com\">contact@mirbaskov.com<\/a><\/strong><\/p>\n<\/div><\/div>\n\n\n\n<div class=\"wp-block-group\"><div class=\"wp-block-group__inner-container is-layout-constrained wp-block-group-is-layout-constrained\">\n<figure class=\"wp-block-image size-full is-resized\"><img decoding=\"async\" src=\"https:\/\/mirbaskov.com\/wp-content\/uploads\/2025\/07\/icono-telegram.svg\" alt=\"\" class=\"wp-image-373\" style=\"width:90px\"\/><\/figure>\n\n\n\n<div class=\"wp-block-group is-vertical is-layout-flex wp-container-core-group-is-layout-8cf370e7 wp-block-group-is-layout-flex\">\n<p><strong>TELEGRAM<br><a href=\"https:\/\/t.me\/+34671251843\" target=\"_blank\" rel=\"noreferrer noopener\">+34 671251843<\/a><\/strong><\/p>\n<\/div>\n<\/div><\/div>\n\n\n\n<div class=\"wp-block-group\"><div class=\"wp-block-group__inner-container is-layout-constrained wp-block-group-is-layout-constrained\">\n<figure class=\"wp-block-image size-full is-resized\"><img decoding=\"async\" src=\"https:\/\/mirbaskov.com\/wp-content\/uploads\/2025\/07\/icono-instagram.svg\" alt=\"\" class=\"wp-image-372\" style=\"width:90px\"\/><\/figure>\n\n\n\n<p class=\"MT-5\"><strong>INSTAGRAM<br><a href=\"https:\/\/www.instagram.com\/mirbaskov\/\">@mirbaskov<\/a><\/strong><\/p>\n\n\n\n<p class=\"MT-5\"><\/p>\n<\/div><\/div>\n<\/div><\/div>\n<\/div><\/div>\n<\/div><\/div>\n","protected":false},"excerpt":{"rendered":"<p>Datos de contacto WHATSAPP+34 671251843 EMAILcontact@mirbaskov.com TELEGRAM+34 671251843 INSTAGRAM@mirbaskov<\/p>\n","protected":false},"author":2,"featured_media":876,"parent":0,"menu_order":0,"comment_status":"closed","ping_status":"closed","template":"","meta":{"_acf_changed":false,"footnotes":""},"class_list":["post-63","page","type-page","status-publish","has-post-thumbnail","hentry"],"acf":[],"mb":[],"yoast_head":"<!-- This site is optimized with the Yoast SEO plugin v26.0 - https:\/\/yoast.com\/wordpress\/plugins\/seo\/ -->\n<title>Contacto Mir Baskov<\/title>\n<meta name=\"description\" content=\"Escr\u00edbeme para saber m\u00e1s sobre mis tours por el Pa\u00eds Vasco al WhatsApp +34 671251843 o al email contact@mirbaskov.com. \u00a1Me encantar\u00e1 conocerte!\" \/>\n<meta name=\"robots\" content=\"index, follow, max-snippet:-1, max-image-preview:large, max-video-preview:-1\" \/>\n<link rel=\"canonical\" href=\"https:\/\/mirbaskov.com\/es\/contacto\/\" \/>\n<meta property=\"og:locale\" content=\"es_ES\" \/>\n<meta property=\"og:type\" content=\"article\" \/>\n<meta property=\"og:title\" content=\"Contacto Mir Baskov\" \/>\n<meta property=\"og:description\" content=\"Escr\u00edbeme para saber m\u00e1s sobre mis tours por el Pa\u00eds Vasco al WhatsApp +34 671251843 o al email contact@mirbaskov.com. \u00a1Me encantar\u00e1 conocerte!\" \/>\n<meta property=\"og:url\" content=\"https:\/\/mirbaskov.com\/es\/contacto\/\" \/>\n<meta property=\"og:site_name\" content=\"Mir Baskov\" \/>\n<meta property=\"article:modified_time\" content=\"2025-10-03T06:48:41+00:00\" \/>\n<meta property=\"og:image\" content=\"https:\/\/mirbaskov.com\/wp-content\/uploads\/2025\/08\/S6A1812-1024x682.jpg\" \/>\n\t<meta property=\"og:image:width\" content=\"1024\" \/>\n\t<meta property=\"og:image:height\" content=\"682\" \/>\n\t<meta property=\"og:image:type\" content=\"image\/jpeg\" \/>\n<meta name=\"twitter:card\" content=\"summary_large_image\" \/>\n<meta name=\"twitter:label1\" content=\"Tiempo de lectura\" \/>\n\t<meta name=\"twitter:data1\" content=\"2 minutos\" \/>\n<script type=\"application\/ld+json\" class=\"yoast-schema-graph\">{\"@context\":\"https:\/\/schema.org\",\"@graph\":[{\"@type\":\"WebPage\",\"@id\":\"https:\/\/mirbaskov.com\/es\/contacto\/\",\"url\":\"https:\/\/mirbaskov.com\/es\/contacto\/\",\"name\":\"Contacto Mir Baskov\",\"isPartOf\":{\"@id\":\"https:\/\/mirbaskov.com\/es\/#website\"},\"primaryImageOfPage\":{\"@id\":\"https:\/\/mirbaskov.com\/es\/contacto\/#primaryimage\"},\"image\":{\"@id\":\"https:\/\/mirbaskov.com\/es\/contacto\/#primaryimage\"},\"thumbnailUrl\":\"https:\/\/mirbaskov.com\/wp-content\/uploads\/2025\/08\/S6A1812.jpg\",\"datePublished\":\"2025-07-08T13:24:14+00:00\",\"dateModified\":\"2025-10-03T06:48:41+00:00\",\"description\":\"Escr\u00edbeme para saber m\u00e1s sobre mis tours por el Pa\u00eds Vasco al WhatsApp +34 671251843 o al email contact@mirbaskov.com. \u00a1Me encantar\u00e1 conocerte!\",\"breadcrumb\":{\"@id\":\"https:\/\/mirbaskov.com\/es\/contacto\/#breadcrumb\"},\"inLanguage\":\"es\",\"potentialAction\":[{\"@type\":\"ReadAction\",\"target\":[\"https:\/\/mirbaskov.com\/es\/contacto\/\"]}]},{\"@type\":\"ImageObject\",\"inLanguage\":\"es\",\"@id\":\"https:\/\/mirbaskov.com\/es\/contacto\/#primaryimage\",\"url\":\"https:\/\/mirbaskov.com\/wp-content\/uploads\/2025\/08\/S6A1812.jpg\",\"contentUrl\":\"https:\/\/mirbaskov.com\/wp-content\/uploads\/2025\/08\/S6A1812.jpg\",\"width\":2000,\"height\":1333},{\"@type\":\"BreadcrumbList\",\"@id\":\"https:\/\/mirbaskov.com\/es\/contacto\/#breadcrumb\",\"itemListElement\":[{\"@type\":\"ListItem\",\"position\":1,\"name\":\"Portada\",\"item\":\"https:\/\/mirbaskov.com\/es\/\"},{\"@type\":\"ListItem\",\"position\":2,\"name\":\"Contacto\"}]},{\"@type\":\"WebSite\",\"@id\":\"https:\/\/mirbaskov.com\/es\/#website\",\"url\":\"https:\/\/mirbaskov.com\/es\/\",\"name\":\"Mir Baskov\",\"description\":\"Tours guiados en San Sebasti\u00e1n, Bilbao, La Rioja, Iparralde, Navarra\u2026 Visitas privadas y personalizadas en ruso, ingl\u00e9s o espa\u00f1ol.\",\"publisher\":{\"@id\":\"https:\/\/mirbaskov.com\/es\/#organization\"},\"potentialAction\":[{\"@type\":\"SearchAction\",\"target\":{\"@type\":\"EntryPoint\",\"urlTemplate\":\"https:\/\/mirbaskov.com\/es\/?s={search_term_string}\"},\"query-input\":{\"@type\":\"PropertyValueSpecification\",\"valueRequired\":true,\"valueName\":\"search_term_string\"}}],\"inLanguage\":\"es\"},{\"@type\":\"Organization\",\"@id\":\"https:\/\/mirbaskov.com\/es\/#organization\",\"name\":\"Mir Baskov\",\"url\":\"https:\/\/mirbaskov.com\/es\/\",\"logo\":{\"@type\":\"ImageObject\",\"inLanguage\":\"es\",\"@id\":\"https:\/\/mirbaskov.com\/es\/#\/schema\/logo\/image\/\",\"url\":\"https:\/\/mirbaskov.com\/wp-content\/uploads\/2025\/10\/mir-baskov-blanco.png\",\"contentUrl\":\"https:\/\/mirbaskov.com\/wp-content\/uploads\/2025\/10\/mir-baskov-blanco.png\",\"width\":740,\"height\":297,\"caption\":\"Mir Baskov\"},\"image\":{\"@id\":\"https:\/\/mirbaskov.com\/es\/#\/schema\/logo\/image\/\"}}]}<\/script>\n<!-- \/ Yoast SEO plugin. -->","yoast_head_json":{"title":"Contacto Mir Baskov","description":"Escr\u00edbeme para saber m\u00e1s sobre mis tours por el Pa\u00eds Vasco al WhatsApp +34 671251843 o al email contact@mirbaskov.com. \u00a1Me encantar\u00e1 conocerte!","robots":{"index":"index","follow":"follow","max-snippet":"max-snippet:-1","max-image-preview":"max-image-preview:large","max-video-preview":"max-video-preview:-1"},"canonical":"https:\/\/mirbaskov.com\/es\/contacto\/","og_locale":"es_ES","og_type":"article","og_title":"Contacto Mir Baskov","og_description":"Escr\u00edbeme para saber m\u00e1s sobre mis tours por el Pa\u00eds Vasco al WhatsApp +34 671251843 o al email contact@mirbaskov.com. \u00a1Me encantar\u00e1 conocerte!","og_url":"https:\/\/mirbaskov.com\/es\/contacto\/","og_site_name":"Mir Baskov","article_modified_time":"2025-10-03T06:48:41+00:00","og_image":[{"width":1024,"height":682,"url":"https:\/\/mirbaskov.com\/wp-content\/uploads\/2025\/08\/S6A1812-1024x682.jpg","type":"image\/jpeg"}],"twitter_card":"summary_large_image","twitter_misc":{"Tiempo de lectura":"2 minutos"},"schema":{"@context":"https:\/\/schema.org","@graph":[{"@type":"WebPage","@id":"https:\/\/mirbaskov.com\/es\/contacto\/","url":"https:\/\/mirbaskov.com\/es\/contacto\/","name":"Contacto Mir Baskov","isPartOf":{"@id":"https:\/\/mirbaskov.com\/es\/#website"},"primaryImageOfPage":{"@id":"https:\/\/mirbaskov.com\/es\/contacto\/#primaryimage"},"image":{"@id":"https:\/\/mirbaskov.com\/es\/contacto\/#primaryimage"},"thumbnailUrl":"https:\/\/mirbaskov.com\/wp-content\/uploads\/2025\/08\/S6A1812.jpg","datePublished":"2025-07-08T13:24:14+00:00","dateModified":"2025-10-03T06:48:41+00:00","description":"Escr\u00edbeme para saber m\u00e1s sobre mis tours por el Pa\u00eds Vasco al WhatsApp +34 671251843 o al email contact@mirbaskov.com. \u00a1Me encantar\u00e1 conocerte!","breadcrumb":{"@id":"https:\/\/mirbaskov.com\/es\/contacto\/#breadcrumb"},"inLanguage":"es","potentialAction":[{"@type":"ReadAction","target":["https:\/\/mirbaskov.com\/es\/contacto\/"]}]},{"@type":"ImageObject","inLanguage":"es","@id":"https:\/\/mirbaskov.com\/es\/contacto\/#primaryimage","url":"https:\/\/mirbaskov.com\/wp-content\/uploads\/2025\/08\/S6A1812.jpg","contentUrl":"https:\/\/mirbaskov.com\/wp-content\/uploads\/2025\/08\/S6A1812.jpg","width":2000,"height":1333},{"@type":"BreadcrumbList","@id":"https:\/\/mirbaskov.com\/es\/contacto\/#breadcrumb","itemListElement":[{"@type":"ListItem","position":1,"name":"Portada","item":"https:\/\/mirbaskov.com\/es\/"},{"@type":"ListItem","position":2,"name":"Contacto"}]},{"@type":"WebSite","@id":"https:\/\/mirbaskov.com\/es\/#website","url":"https:\/\/mirbaskov.com\/es\/","name":"Mir Baskov","description":"Tours guiados en San Sebasti\u00e1n, Bilbao, La Rioja, Iparralde, Navarra\u2026 Visitas privadas y personalizadas en ruso, ingl\u00e9s o espa\u00f1ol.","publisher":{"@id":"https:\/\/mirbaskov.com\/es\/#organization"},"potentialAction":[{"@type":"SearchAction","target":{"@type":"EntryPoint","urlTemplate":"https:\/\/mirbaskov.com\/es\/?s={search_term_string}"},"query-input":{"@type":"PropertyValueSpecification","valueRequired":true,"valueName":"search_term_string"}}],"inLanguage":"es"},{"@type":"Organization","@id":"https:\/\/mirbaskov.com\/es\/#organization","name":"Mir Baskov","url":"https:\/\/mirbaskov.com\/es\/","logo":{"@type":"ImageObject","inLanguage":"es","@id":"https:\/\/mirbaskov.com\/es\/#\/schema\/logo\/image\/","url":"https:\/\/mirbaskov.com\/wp-content\/uploads\/2025\/10\/mir-baskov-blanco.png","contentUrl":"https:\/\/mirbaskov.com\/wp-content\/uploads\/2025\/10\/mir-baskov-blanco.png","width":740,"height":297,"caption":"Mir Baskov"},"image":{"@id":"https:\/\/mirbaskov.com\/es\/#\/schema\/logo\/image\/"}}]}},"mfb_rest_fields":["title","yoast_head","yoast_head_json"],"_links":{"self":[{"href":"https:\/\/mirbaskov.com\/es\/wp-json\/wp\/v2\/pages\/63","targetHints":{"allow":["GET"]}}],"collection":[{"href":"https:\/\/mirbaskov.com\/es\/wp-json\/wp\/v2\/pages"}],"about":[{"href":"https:\/\/mirbaskov.com\/es\/wp-json\/wp\/v2\/types\/page"}],"author":[{"embeddable":true,"href":"https:\/\/mirbaskov.com\/es\/wp-json\/wp\/v2\/users\/2"}],"replies":[{"embeddable":true,"href":"https:\/\/mirbaskov.com\/es\/wp-json\/wp\/v2\/comments?post=63"}],"version-history":[{"count":12,"href":"https:\/\/mirbaskov.com\/es\/wp-json\/wp\/v2\/pages\/63\/revisions"}],"predecessor-version":[{"id":6154,"href":"https:\/\/mirbaskov.com\/es\/wp-json\/wp\/v2\/pages\/63\/revisions\/6154"}],"wp:featuredmedia":[{"embeddable":true,"href":"https:\/\/mirbaskov.com\/es\/wp-json\/wp\/v2\/media\/876"}],"wp:attachment":[{"href":"https:\/\/mirbaskov.com\/es\/wp-json\/wp\/v2\/media?parent=63"}],"curies":[{"name":"wp","href":"https:\/\/api.w.org\/{rel}","templated":true}]}}