{"id":6180,"date":"2025-10-03T13:09:11","date_gmt":"2025-10-03T13:09:11","guid":{"rendered":"https:\/\/mirbaskov.com\/?page_id=6180"},"modified":"2025-10-03T13:19:20","modified_gmt":"2025-10-03T13:19:20","slug":"mapa-web","status":"publish","type":"page","link":"https:\/\/mirbaskov.com\/es\/mapa-web\/","title":{"rendered":"Mapa web"},"content":{"rendered":"\n<div class=\"wp-block-group main-p pt-0\"><div class=\"wp-block-group__inner-container is-layout-constrained wp-block-group-is-layout-constrained\">\n<h1 class=\"wp-block-heading\">Mapa web<\/h1>\n\n\n\n<p><strong>P\u00c1GINAS PRINCIPALES:<\/strong><\/p>\n\n\n\n<ul class=\"wp-block-list\">\n<li><a href=\"https:\/\/mirbaskov.com\/es\/\">Inicio<\/a><\/li>\n\n\n\n<li><a href=\"https:\/\/mirbaskov.com\/es\/experiencia\/\">Experiencias tur\u00edsticas<\/a>\n<ul class=\"wp-block-list\">\n<li><a href=\"https:\/\/mirbaskov.com\/es\/experiencia\/san-sebastian\/\">San Sebasti\u00e1n<\/a><\/li>\n\n\n\n<li><a href=\"https:\/\/mirbaskov.com\/es\/experiencia\/bilbao\/\">Bilbao<\/a><\/li>\n\n\n\n<li><a href=\"https:\/\/mirbaskov.com\/es\/experiencia\/rioja\/\">Rioja, la regi\u00f3n vin\u00edcola de Espa\u00f1a<\/a><\/li>\n\n\n\n<li><a href=\"https:\/\/mirbaskov.com\/es\/experiencia\/urdaibai\/\">Urdaibai<\/a><\/li>\n\n\n\n<li><a href=\"https:\/\/mirbaskov.com\/es\/experiencia\/pais-vasco-frances\/\">Pa\u00eds vasco franc\u00e9s<\/a><\/li>\n\n\n\n<li><a href=\"https:\/\/mirbaskov.com\/es\/experiencia\/pamplona-y-el-castillo-de-olite\/\">Pamplona y Olite<\/a><\/li>\n\n\n\n<li><a href=\"https:\/\/mirbaskov.com\/es\/experiencia\/flych-de-zumaia\/\">Costa vasca: geoparque del Flych<\/a><\/li>\n\n\n\n<li><a href=\"https:\/\/mirbaskov.com\/es\/experiencia\/en-busca-de-trufas\/\">En busca de trufas<\/a><\/li>\n<\/ul>\n<\/li>\n\n\n\n<li><a href=\"https:\/\/mirbaskov.com\/es\/servicios-exclusivos\/\">Servicios exclusivos<\/a><\/li>\n\n\n\n<li><a href=\"https:\/\/mirbaskov.com\/es\/contacto\/\">Contacto<\/a><\/li>\n<\/ul>\n\n\n\n<p><strong>P\u00c1GINAS LEGALES:<\/strong><\/p>\n\n\n\n<ul class=\"wp-block-list\">\n<li><a href=\"https:\/\/mirbaskov.com\/es\/aviso-legal\/\">Aviso legal\u00a0<\/a><\/li>\n\n\n\n<li><a href=\"https:\/\/mirbaskov.com\/es\/politica-de-privacidad\/\">Pol\u00edtica de privacidad<\/a>\u00a0<\/li>\n\n\n\n<li><a href=\"https:\/\/mirbaskov.com\/es\/politica-de-cookies\/\">Pol\u00edtica de cookies<\/a><\/li>\n<\/ul>\n<\/div><\/div>\n","protected":false},"excerpt":{"rendered":"<p>Mapa web P\u00c1GINAS PRINCIPALES: P\u00c1GINAS LEGALES:<\/p>\n","protected":false},"author":2,"featured_media":0,"parent":0,"menu_order":0,"comment_status":"closed","ping_status":"closed","template":"sin-cabecera-ancho.php","meta":{"_acf_changed":false,"footnotes":""},"class_list":["post-6180","page","type-page","status-publish","hentry"],"acf":[],"mb":[],"yoast_head":"<!-- This site is optimized with the Yoast SEO plugin v26.0 - https:\/\/yoast.com\/wordpress\/plugins\/seo\/ -->\n<title>Mapa web - Mir Baskov<\/title>\n<meta name=\"robots\" content=\"index, follow, max-snippet:-1, max-image-preview:large, max-video-preview:-1\" \/>\n<link rel=\"canonical\" href=\"https:\/\/mirbaskov.com\/es\/mapa-web\/\" \/>\n<meta property=\"og:locale\" content=\"es_ES\" \/>\n<meta property=\"og:type\" content=\"article\" \/>\n<meta property=\"og:title\" content=\"Mapa web - Mir Baskov\" \/>\n<meta property=\"og:description\" content=\"Mapa web P\u00c1GINAS PRINCIPALES: P\u00c1GINAS LEGALES:\" \/>\n<meta property=\"og:url\" content=\"https:\/\/mirbaskov.com\/es\/mapa-web\/\" \/>\n<meta property=\"og:site_name\" content=\"Mir Baskov\" \/>\n<meta property=\"article:modified_time\" content=\"2025-10-03T13:19:20+00:00\" \/>\n<meta name=\"twitter:card\" content=\"summary_large_image\" \/>\n<meta name=\"twitter:label1\" content=\"Tiempo de lectura\" \/>\n\t<meta name=\"twitter:data1\" content=\"1 minuto\" \/>\n<script type=\"application\/ld+json\" class=\"yoast-schema-graph\">{\"@context\":\"https:\/\/schema.org\",\"@graph\":[{\"@type\":\"WebPage\",\"@id\":\"https:\/\/mirbaskov.com\/es\/mapa-web\/\",\"url\":\"https:\/\/mirbaskov.com\/es\/mapa-web\/\",\"name\":\"Mapa web - Mir Baskov\",\"isPartOf\":{\"@id\":\"https:\/\/mirbaskov.com\/es\/#website\"},\"datePublished\":\"2025-10-03T13:09:11+00:00\",\"dateModified\":\"2025-10-03T13:19:20+00:00\",\"breadcrumb\":{\"@id\":\"https:\/\/mirbaskov.com\/es\/mapa-web\/#breadcrumb\"},\"inLanguage\":\"es\",\"potentialAction\":[{\"@type\":\"ReadAction\",\"target\":[\"https:\/\/mirbaskov.com\/es\/mapa-web\/\"]}]},{\"@type\":\"BreadcrumbList\",\"@id\":\"https:\/\/mirbaskov.com\/es\/mapa-web\/#breadcrumb\",\"itemListElement\":[{\"@type\":\"ListItem\",\"position\":1,\"name\":\"Portada\",\"item\":\"https:\/\/mirbaskov.com\/es\/\"},{\"@type\":\"ListItem\",\"position\":2,\"name\":\"Mapa web\"}]},{\"@type\":\"WebSite\",\"@id\":\"https:\/\/mirbaskov.com\/es\/#website\",\"url\":\"https:\/\/mirbaskov.com\/es\/\",\"name\":\"Mir Baskov\",\"description\":\"Tours guiados en San Sebasti\u00e1n, Bilbao, La Rioja, Iparralde, Navarra\u2026 Visitas privadas y personalizadas en ruso, ingl\u00e9s o espa\u00f1ol.\",\"publisher\":{\"@id\":\"https:\/\/mirbaskov.com\/es\/#organization\"},\"potentialAction\":[{\"@type\":\"SearchAction\",\"target\":{\"@type\":\"EntryPoint\",\"urlTemplate\":\"https:\/\/mirbaskov.com\/es\/?s={search_term_string}\"},\"query-input\":{\"@type\":\"PropertyValueSpecification\",\"valueRequired\":true,\"valueName\":\"search_term_string\"}}],\"inLanguage\":\"es\"},{\"@type\":\"Organization\",\"@id\":\"https:\/\/mirbaskov.com\/es\/#organization\",\"name\":\"Mir Baskov\",\"url\":\"https:\/\/mirbaskov.com\/es\/\",\"logo\":{\"@type\":\"ImageObject\",\"inLanguage\":\"es\",\"@id\":\"https:\/\/mirbaskov.com\/es\/#\/schema\/logo\/image\/\",\"url\":\"https:\/\/mirbaskov.com\/wp-content\/uploads\/2025\/10\/mir-baskov-blanco.png\",\"contentUrl\":\"https:\/\/mirbaskov.com\/wp-content\/uploads\/2025\/10\/mir-baskov-blanco.png\",\"width\":740,\"height\":297,\"caption\":\"Mir Baskov\"},\"image\":{\"@id\":\"https:\/\/mirbaskov.com\/es\/#\/schema\/logo\/image\/\"}}]}<\/script>\n<!-- \/ Yoast SEO plugin. -->","yoast_head_json":{"title":"Mapa web - Mir Baskov","robots":{"index":"index","follow":"follow","max-snippet":"max-snippet:-1","max-image-preview":"max-image-preview:large","max-video-preview":"max-video-preview:-1"},"canonical":"https:\/\/mirbaskov.com\/es\/mapa-web\/","og_locale":"es_ES","og_type":"article","og_title":"Mapa web - Mir Baskov","og_description":"Mapa web P\u00c1GINAS PRINCIPALES: P\u00c1GINAS LEGALES:","og_url":"https:\/\/mirbaskov.com\/es\/mapa-web\/","og_site_name":"Mir Baskov","article_modified_time":"2025-10-03T13:19:20+00:00","twitter_card":"summary_large_image","twitter_misc":{"Tiempo de lectura":"1 minuto"},"schema":{"@context":"https:\/\/schema.org","@graph":[{"@type":"WebPage","@id":"https:\/\/mirbaskov.com\/es\/mapa-web\/","url":"https:\/\/mirbaskov.com\/es\/mapa-web\/","name":"Mapa web - Mir Baskov","isPartOf":{"@id":"https:\/\/mirbaskov.com\/es\/#website"},"datePublished":"2025-10-03T13:09:11+00:00","dateModified":"2025-10-03T13:19:20+00:00","breadcrumb":{"@id":"https:\/\/mirbaskov.com\/es\/mapa-web\/#breadcrumb"},"inLanguage":"es","potentialAction":[{"@type":"ReadAction","target":["https:\/\/mirbaskov.com\/es\/mapa-web\/"]}]},{"@type":"BreadcrumbList","@id":"https:\/\/mirbaskov.com\/es\/mapa-web\/#breadcrumb","itemListElement":[{"@type":"ListItem","position":1,"name":"Portada","item":"https:\/\/mirbaskov.com\/es\/"},{"@type":"ListItem","position":2,"name":"Mapa web"}]},{"@type":"WebSite","@id":"https:\/\/mirbaskov.com\/es\/#website","url":"https:\/\/mirbaskov.com\/es\/","name":"Mir Baskov","description":"Tours guiados en San Sebasti\u00e1n, Bilbao, La Rioja, Iparralde, Navarra\u2026 Visitas privadas y personalizadas en ruso, ingl\u00e9s o espa\u00f1ol.","publisher":{"@id":"https:\/\/mirbaskov.com\/es\/#organization"},"potentialAction":[{"@type":"SearchAction","target":{"@type":"EntryPoint","urlTemplate":"https:\/\/mirbaskov.com\/es\/?s={search_term_string}"},"query-input":{"@type":"PropertyValueSpecification","valueRequired":true,"valueName":"search_term_string"}}],"inLanguage":"es"},{"@type":"Organization","@id":"https:\/\/mirbaskov.com\/es\/#organization","name":"Mir Baskov","url":"https:\/\/mirbaskov.com\/es\/","logo":{"@type":"ImageObject","inLanguage":"es","@id":"https:\/\/mirbaskov.com\/es\/#\/schema\/logo\/image\/","url":"https:\/\/mirbaskov.com\/wp-content\/uploads\/2025\/10\/mir-baskov-blanco.png","contentUrl":"https:\/\/mirbaskov.com\/wp-content\/uploads\/2025\/10\/mir-baskov-blanco.png","width":740,"height":297,"caption":"Mir Baskov"},"image":{"@id":"https:\/\/mirbaskov.com\/es\/#\/schema\/logo\/image\/"}}]}},"mfb_rest_fields":["title","yoast_head","yoast_head_json"],"_links":{"self":[{"href":"https:\/\/mirbaskov.com\/es\/wp-json\/wp\/v2\/pages\/6180","targetHints":{"allow":["GET"]}}],"collection":[{"href":"https:\/\/mirbaskov.com\/es\/wp-json\/wp\/v2\/pages"}],"about":[{"href":"https:\/\/mirbaskov.com\/es\/wp-json\/wp\/v2\/types\/page"}],"author":[{"embeddable":true,"href":"https:\/\/mirbaskov.com\/es\/wp-json\/wp\/v2\/users\/2"}],"replies":[{"embeddable":true,"href":"https:\/\/mirbaskov.com\/es\/wp-json\/wp\/v2\/comments?post=6180"}],"version-history":[{"count":7,"href":"https:\/\/mirbaskov.com\/es\/wp-json\/wp\/v2\/pages\/6180\/revisions"}],"predecessor-version":[{"id":6196,"href":"https:\/\/mirbaskov.com\/es\/wp-json\/wp\/v2\/pages\/6180\/revisions\/6196"}],"wp:attachment":[{"href":"https:\/\/mirbaskov.com\/es\/wp-json\/wp\/v2\/media?parent=6180"}],"curies":[{"name":"wp","href":"https:\/\/api.w.org\/{rel}","templated":true}]}}