{"id":59,"date":"2025-07-08T13:23:03","date_gmt":"2025-07-08T13:23:03","guid":{"rendered":"https:\/\/mirbaskov.com\/?page_id=59"},"modified":"2025-09-25T11:31:06","modified_gmt":"2025-09-25T11:31:06","slug":"servicios-exclusivos","status":"publish","type":"page","link":"https:\/\/mirbaskov.com\/es\/servicios-exclusivos\/","title":{"rendered":"Servicios exclusivos"},"content":{"rendered":"\n<div class=\"wp-block-group f-claro has-background\" style=\"background-color:#faf8f6\"><div class=\"wp-block-group__inner-container is-layout-constrained wp-block-group-is-layout-constrained\">\n<div class=\"wp-block-group main\"><div class=\"wp-block-group__inner-container is-layout-constrained wp-block-group-is-layout-constrained\">\n<div class=\"wp-block-group entradilla\"><div class=\"wp-block-group__inner-container is-layout-constrained wp-block-group-is-layout-constrained\">\n<p class=\"destacado mb-5\" style=\"font-size:30px;font-style:normal;font-weight:400\">Disfrutar de un viaje tambi\u00e9n significa no tener que preocuparse por la organizaci\u00f3n.<\/p>\n\n\n\n<p>Por eso, si tu quieres, yo me puedo encargar de <strong>planificar tu viaje a Euskadi <\/strong>de principio a fin. Puedo organizar todo para que vivas <strong>cada experiencia con tranquilidad, comodidad y confianza: <\/strong>reservas especiales, planes a medida, selecci\u00f3n de hoteles o restaurantes\u2026 <\/p>\n\n\n\n<p>Adaptamos cada detalle del viaje a tus gustos y necesidades.<br><\/p>\n<\/div><\/div>\n<\/div><\/div>\n<\/div><\/div>\n\n\n\n<div id=\"servicios\" class=\"wp-block-group main-p\"><div class=\"wp-block-group__inner-container is-layout-constrained wp-block-group-is-layout-constrained\">\n<div class=\"wp-block-group grid-2 sobre-mi\"><div class=\"wp-block-group__inner-container is-layout-constrained wp-block-group-is-layout-constrained\">\n<div class=\"wp-block-group\"><div class=\"wp-block-group__inner-container is-layout-constrained wp-block-group-is-layout-constrained\">\n<figure class=\"wp-block-image size-full is-resized\"><img decoding=\"async\" src=\"https:\/\/mirbaskov.com\/wp-content\/uploads\/2025\/07\/icono-brindis.svg\" alt=\"\" class=\"wp-image-327\" style=\"width:90px\"\/><\/figure>\n\n\n\n<p><strong>ORGANIZACI\u00d3N DE EVENTOS PRIVADOS<\/strong><\/p>\n\n\n\n<p>Organizo eventos privados poniendo atenci\u00f3n y mimo en cada detalle: desde el alquiler de una casa con encanto con vistas al mar para una celebraci\u00f3n especial, hasta una sala de fiesta <strong>Organizo eventos privados<\/strong> poniendo atenci\u00f3n y mimo en cada detalle: desde el<strong> alquiler de una casa con encanto<\/strong> con vistas al mar para una celebraci\u00f3n especial, hasta una <strong>sala de fiesta para un evento privado<\/strong>. Me encargo de la<strong> localizaci\u00f3n<\/strong>, del <strong>catering<\/strong>, de la <strong>m\u00fasica<\/strong>, del<strong> transporte<\/strong>\u2026 Todo lo necesario para que t\u00fa solo te ocupes de disfrutar del momento y de tu gente, con la tranquilidad de que todo saldr\u00e1 bien.<\/p>\n\n\n\n<p class=\"has-text-color has-link-color wp-elements-c90245a3cdb5d36fc0a80c8d2780a75b\" style=\"color:#95846f\"><strong><a href=\"https:\/\/mirbaskov.com\/contacto\/\">Ay\u00fadame a organizar mi evento ><\/a><\/strong><br><\/p>\n<\/div><\/div>\n\n\n\n<div class=\"wp-block-group\"><div class=\"wp-block-group__inner-container is-layout-constrained wp-block-group-is-layout-constrained\">\n<figure class=\"wp-block-image size-full is-resized\"><img decoding=\"async\" src=\"https:\/\/mirbaskov.com\/wp-content\/uploads\/2025\/07\/icono-ruta.svg\" alt=\"\" class=\"wp-image-328\" style=\"width:90px\"\/><\/figure>\n\n\n\n<p><strong>ORGANIZACI\u00d3N DE VIAJES A MEDIDA<\/strong><\/p>\n\n\n\n<p>Dise\u00f1o <strong>viajes personalizados<\/strong> en funci\u00f3n de tus gustos, tu tiempo y lo que realmente te apetece hacer. Puedes contar conmigo para planificar todo lo que necesites: <strong>alojamiento<\/strong>, <strong>transporte<\/strong>, <strong>visitas guiadas<\/strong> o <strong>actividades especiales<\/strong>. T\u00fa marcas el ritmo y yo me encargo de hacerlo posible.&nbsp;<\/p>\n\n\n\n<p class=\"has-text-color has-link-color wp-elements-904167749e8e956b336cc60954712e2f\" style=\"color:#95846f\"><strong><a href=\"https:\/\/mirbaskov.com\/contacto\/\">Ay\u00fadame a planificar mi viaje ><\/a><\/strong><br><\/p>\n<\/div><\/div>\n\n\n\n<div class=\"wp-block-group\"><div class=\"wp-block-group__inner-container is-layout-constrained wp-block-group-is-layout-constrained\">\n<figure class=\"wp-block-image size-full is-resized\"><img decoding=\"async\" src=\"https:\/\/mirbaskov.com\/wp-content\/uploads\/2025\/07\/icono-billete-vuelo.svg\" alt=\"\" class=\"wp-image-326\" style=\"width:90px\"\/><\/figure>\n\n\n\n<div class=\"wp-block-group is-vertical is-layout-flex wp-container-core-group-is-layout-8cf370e7 wp-block-group-is-layout-flex\">\n<p><strong>RESERVAS ESPECIALES<\/strong><\/p>\n\n\n\n<p>(helic\u00f3ptero o yate)<\/p>\n<\/div>\n\n\n\n<p><strong>Coordino experiencias<\/strong> diferentes como <strong>vuelos en helic\u00f3ptero<\/strong>, <strong>salidas en yate privado<\/strong> o<strong> traslados especiales<\/strong>. Me ocupo de todas las gestiones y de que todo est\u00e9 perfectamente coordinado: <strong>horarios<\/strong>, <strong>recogidas<\/strong>, <strong>permisos<\/strong>, <strong>seguros<\/strong>\u2026 para que no tengas que preocuparte por nada m\u00e1s que disfrutar.<\/p>\n\n\n\n<p class=\"has-text-color has-link-color wp-elements-14da08a00507d469d46264cd8860c9cb\" style=\"color:#95846f\"><strong><a href=\"https:\/\/mirbaskov.com\/contacto\/\">Ay\u00fadame a reservar una experiencia ><\/a><\/strong><\/p>\n<\/div><\/div>\n\n\n\n<div class=\"wp-block-group\"><div class=\"wp-block-group__inner-container is-layout-constrained wp-block-group-is-layout-constrained\">\n<figure class=\"wp-block-image size-full is-resized\"><img decoding=\"async\" src=\"https:\/\/mirbaskov.com\/wp-content\/uploads\/2025\/07\/icono-edificio.svg\" alt=\"\" class=\"wp-image-329\" style=\"width:90px\"\/><\/figure>\n\n\n\n<p class=\"MT-5\"><strong>SELECCI\u00d3N DE HOTELES Y RESTAURANTES<\/strong><\/p>\n\n\n\n<p>Te ayudo a <strong>seleccionar los hoteles y restaurantes<\/strong> que mejor encajan con tus preferencias: desde <strong>alojamientos con encanto<\/strong> hasta<strong> mesas en restaurantes dif\u00edciles de conseguir<\/strong>. Conozco bien la oferta local, lo que me permite<strong> recomendarte sitios con buen servicio, calidad<\/strong> y con ese punto especial que marca la diferencia.<\/p>\n\n\n\n<p class=\"has-text-color has-link-color wp-elements-a499c402d8c3e9fc2bdc26ab13126f06\" style=\"color:#95846f\"><strong><a href=\"https:\/\/mirbaskov.com\/contacto\/\">Ay\u00fadame a encontrar hotel\/restaurante ><\/a><\/strong><br><\/p>\n<\/div><\/div>\n<\/div><\/div>\n<\/div><\/div>\n\n\n\n<div class=\"wp-block-group comentario has-background\" style=\"background-color:#f3f0eb\"><div class=\"wp-block-group__inner-container is-layout-constrained wp-block-group-is-layout-constrained\">\n<div class=\"wp-block-group main-p\"><div class=\"wp-block-group__inner-container is-layout-constrained wp-block-group-is-layout-constrained\">\n<div class=\"wp-block-group\"><div class=\"wp-block-group__inner-container is-layout-constrained wp-block-group-is-layout-constrained\">\n<div class=\"wp-block-group contenido is-nowrap is-layout-flex wp-container-core-group-is-layout-ad2f72ca wp-block-group-is-layout-flex\">\n<figure class=\"wp-block-image size-full is-resized\"><img loading=\"lazy\" decoding=\"async\" width=\"600\" height=\"594\" src=\"https:\/\/mirbaskov.com\/wp-content\/uploads\/2025\/07\/resena-2.png\" alt=\"\" class=\"wp-image-357\" style=\"width:200px\" srcset=\"https:\/\/mirbaskov.com\/wp-content\/uploads\/2025\/07\/resena-2.png 600w, https:\/\/mirbaskov.com\/wp-content\/uploads\/2025\/07\/resena-2-300x297.png 300w, https:\/\/mirbaskov.com\/wp-content\/uploads\/2025\/07\/resena-2-150x150.png 150w\" sizes=\"auto, (max-width: 600px) 100vw, 600px\" \/><\/figure>\n\n\n\n<blockquote class=\"wp-block-quote is-layout-flow wp-block-quote-is-layout-flow\">\n<p class=\"destacado-pq\"><em>Tu viaje, como nunca lo hab\u00edas imaginado. \u00bfTe ayudo a planificar el viaje de tus sue\u00f1os al Pa\u00eds Vasco?<\/em><\/p>\n\n\n\n<div class=\"wp-block-buttons boton is-content-justification-left is-layout-flex wp-container-core-buttons-is-layout-fdcfc74e wp-block-buttons-is-layout-flex\">\n<div class=\"wp-block-button is-style-outline boton-negro is-style-outline--1\"><a class=\"wp-block-button__link has-black-color has-text-color has-link-color wp-element-button\" href=\"\/experiencia\">Planificar viaje<\/a><\/div>\n<\/div>\n<\/blockquote>\n<\/div>\n<\/div><\/div>\n<\/div><\/div>\n<\/div><\/div>\n","protected":false},"excerpt":{"rendered":"<p>Disfrutar de un viaje tambi\u00e9n significa no tener que preocuparse por la organizaci\u00f3n. Por eso, si tu quieres, yo me puedo encargar de planificar tu viaje a Euskadi de principio a fin. Puedo organizar todo para que vivas cada experiencia con tranquilidad, comodidad y confianza: reservas especiales, planes a medida, selecci\u00f3n de hoteles o restaurantes\u2026 [&hellip;]<\/p>\n","protected":false},"author":2,"featured_media":879,"parent":0,"menu_order":0,"comment_status":"closed","ping_status":"closed","template":"","meta":{"_acf_changed":false,"footnotes":""},"class_list":["post-59","page","type-page","status-publish","has-post-thumbnail","hentry"],"acf":[],"mb":[],"yoast_head":"<!-- This site is optimized with the Yoast SEO plugin v26.0 - https:\/\/yoast.com\/wordpress\/plugins\/seo\/ -->\n<title>Organizaci\u00f3n de viajes a medida en el Pa\u00eds Vasco<\/title>\n<meta name=\"description\" content=\"Organizo tu viaje a Euskadi, gestiono reservas de helic\u00f3ptero o yate, experiencias, eventos privados, selecci\u00f3n de hoteles y restaurantes \u00fanicos\u2026\" \/>\n<meta name=\"robots\" content=\"index, follow, max-snippet:-1, max-image-preview:large, max-video-preview:-1\" \/>\n<link rel=\"canonical\" href=\"https:\/\/mirbaskov.com\/es\/servicios-exclusivos\/\" \/>\n<meta property=\"og:locale\" content=\"es_ES\" \/>\n<meta property=\"og:type\" content=\"article\" \/>\n<meta property=\"og:title\" content=\"Organizaci\u00f3n de viajes a medida en el Pa\u00eds Vasco\" \/>\n<meta property=\"og:description\" content=\"Organizo tu viaje a Euskadi, gestiono reservas de helic\u00f3ptero o yate, experiencias, eventos privados, selecci\u00f3n de hoteles y restaurantes \u00fanicos\u2026\" \/>\n<meta property=\"og:url\" content=\"https:\/\/mirbaskov.com\/es\/servicios-exclusivos\/\" \/>\n<meta property=\"og:site_name\" content=\"Mir Baskov\" \/>\n<meta property=\"article:modified_time\" content=\"2025-09-25T11:31:06+00:00\" \/>\n<meta property=\"og:image\" content=\"https:\/\/mirbaskov.com\/wp-content\/uploads\/2025\/08\/138341.jpg\" \/>\n\t<meta property=\"og:image:width\" content=\"2000\" \/>\n\t<meta property=\"og:image:height\" content=\"1239\" \/>\n\t<meta property=\"og:image:type\" content=\"image\/jpeg\" \/>\n<meta name=\"twitter:card\" content=\"summary_large_image\" \/>\n<meta name=\"twitter:label1\" content=\"Tiempo de lectura\" \/>\n\t<meta name=\"twitter:data1\" content=\"3 minutos\" \/>\n<script type=\"application\/ld+json\" class=\"yoast-schema-graph\">{\"@context\":\"https:\/\/schema.org\",\"@graph\":[{\"@type\":\"WebPage\",\"@id\":\"https:\/\/mirbaskov.com\/es\/servicios-exclusivos\/\",\"url\":\"https:\/\/mirbaskov.com\/es\/servicios-exclusivos\/\",\"name\":\"Organizaci\u00f3n de viajes a medida en el Pa\u00eds Vasco\",\"isPartOf\":{\"@id\":\"https:\/\/mirbaskov.com\/es\/#website\"},\"primaryImageOfPage\":{\"@id\":\"https:\/\/mirbaskov.com\/es\/servicios-exclusivos\/#primaryimage\"},\"image\":{\"@id\":\"https:\/\/mirbaskov.com\/es\/servicios-exclusivos\/#primaryimage\"},\"thumbnailUrl\":\"https:\/\/mirbaskov.com\/wp-content\/uploads\/2025\/08\/138341.jpg\",\"datePublished\":\"2025-07-08T13:23:03+00:00\",\"dateModified\":\"2025-09-25T11:31:06+00:00\",\"description\":\"Organizo tu viaje a Euskadi, gestiono reservas de helic\u00f3ptero o yate, experiencias, eventos privados, selecci\u00f3n de hoteles y restaurantes \u00fanicos\u2026\",\"breadcrumb\":{\"@id\":\"https:\/\/mirbaskov.com\/es\/servicios-exclusivos\/#breadcrumb\"},\"inLanguage\":\"es\",\"potentialAction\":[{\"@type\":\"ReadAction\",\"target\":[\"https:\/\/mirbaskov.com\/es\/servicios-exclusivos\/\"]}]},{\"@type\":\"ImageObject\",\"inLanguage\":\"es\",\"@id\":\"https:\/\/mirbaskov.com\/es\/servicios-exclusivos\/#primaryimage\",\"url\":\"https:\/\/mirbaskov.com\/wp-content\/uploads\/2025\/08\/138341.jpg\",\"contentUrl\":\"https:\/\/mirbaskov.com\/wp-content\/uploads\/2025\/08\/138341.jpg\",\"width\":2000,\"height\":1239},{\"@type\":\"BreadcrumbList\",\"@id\":\"https:\/\/mirbaskov.com\/es\/servicios-exclusivos\/#breadcrumb\",\"itemListElement\":[{\"@type\":\"ListItem\",\"position\":1,\"name\":\"Portada\",\"item\":\"https:\/\/mirbaskov.com\/es\/\"},{\"@type\":\"ListItem\",\"position\":2,\"name\":\"Servicios exclusivos\"}]},{\"@type\":\"WebSite\",\"@id\":\"https:\/\/mirbaskov.com\/es\/#website\",\"url\":\"https:\/\/mirbaskov.com\/es\/\",\"name\":\"Mir Baskov\",\"description\":\"Tours guiados en San Sebasti\u00e1n, Bilbao, La Rioja, Iparralde, Navarra\u2026 Visitas privadas y personalizadas en ruso, ingl\u00e9s o espa\u00f1ol.\",\"publisher\":{\"@id\":\"https:\/\/mirbaskov.com\/es\/#organization\"},\"potentialAction\":[{\"@type\":\"SearchAction\",\"target\":{\"@type\":\"EntryPoint\",\"urlTemplate\":\"https:\/\/mirbaskov.com\/es\/?s={search_term_string}\"},\"query-input\":{\"@type\":\"PropertyValueSpecification\",\"valueRequired\":true,\"valueName\":\"search_term_string\"}}],\"inLanguage\":\"es\"},{\"@type\":\"Organization\",\"@id\":\"https:\/\/mirbaskov.com\/es\/#organization\",\"name\":\"Mir Baskov\",\"url\":\"https:\/\/mirbaskov.com\/es\/\",\"logo\":{\"@type\":\"ImageObject\",\"inLanguage\":\"es\",\"@id\":\"https:\/\/mirbaskov.com\/es\/#\/schema\/logo\/image\/\",\"url\":\"https:\/\/mirbaskov.com\/wp-content\/uploads\/2025\/10\/mir-baskov-blanco.png\",\"contentUrl\":\"https:\/\/mirbaskov.com\/wp-content\/uploads\/2025\/10\/mir-baskov-blanco.png\",\"width\":740,\"height\":297,\"caption\":\"Mir Baskov\"},\"image\":{\"@id\":\"https:\/\/mirbaskov.com\/es\/#\/schema\/logo\/image\/\"}}]}<\/script>\n<!-- \/ Yoast SEO plugin. -->","yoast_head_json":{"title":"Organizaci\u00f3n de viajes a medida en el Pa\u00eds Vasco","description":"Organizo tu viaje a Euskadi, gestiono reservas de helic\u00f3ptero o yate, experiencias, eventos privados, selecci\u00f3n de hoteles y restaurantes \u00fanicos\u2026","robots":{"index":"index","follow":"follow","max-snippet":"max-snippet:-1","max-image-preview":"max-image-preview:large","max-video-preview":"max-video-preview:-1"},"canonical":"https:\/\/mirbaskov.com\/es\/servicios-exclusivos\/","og_locale":"es_ES","og_type":"article","og_title":"Organizaci\u00f3n de viajes a medida en el Pa\u00eds Vasco","og_description":"Organizo tu viaje a Euskadi, gestiono reservas de helic\u00f3ptero o yate, experiencias, eventos privados, selecci\u00f3n de hoteles y restaurantes \u00fanicos\u2026","og_url":"https:\/\/mirbaskov.com\/es\/servicios-exclusivos\/","og_site_name":"Mir Baskov","article_modified_time":"2025-09-25T11:31:06+00:00","og_image":[{"width":2000,"height":1239,"url":"https:\/\/mirbaskov.com\/wp-content\/uploads\/2025\/08\/138341.jpg","type":"image\/jpeg"}],"twitter_card":"summary_large_image","twitter_misc":{"Tiempo de lectura":"3 minutos"},"schema":{"@context":"https:\/\/schema.org","@graph":[{"@type":"WebPage","@id":"https:\/\/mirbaskov.com\/es\/servicios-exclusivos\/","url":"https:\/\/mirbaskov.com\/es\/servicios-exclusivos\/","name":"Organizaci\u00f3n de viajes a medida en el Pa\u00eds Vasco","isPartOf":{"@id":"https:\/\/mirbaskov.com\/es\/#website"},"primaryImageOfPage":{"@id":"https:\/\/mirbaskov.com\/es\/servicios-exclusivos\/#primaryimage"},"image":{"@id":"https:\/\/mirbaskov.com\/es\/servicios-exclusivos\/#primaryimage"},"thumbnailUrl":"https:\/\/mirbaskov.com\/wp-content\/uploads\/2025\/08\/138341.jpg","datePublished":"2025-07-08T13:23:03+00:00","dateModified":"2025-09-25T11:31:06+00:00","description":"Organizo tu viaje a Euskadi, gestiono reservas de helic\u00f3ptero o yate, experiencias, eventos privados, selecci\u00f3n de hoteles y restaurantes \u00fanicos\u2026","breadcrumb":{"@id":"https:\/\/mirbaskov.com\/es\/servicios-exclusivos\/#breadcrumb"},"inLanguage":"es","potentialAction":[{"@type":"ReadAction","target":["https:\/\/mirbaskov.com\/es\/servicios-exclusivos\/"]}]},{"@type":"ImageObject","inLanguage":"es","@id":"https:\/\/mirbaskov.com\/es\/servicios-exclusivos\/#primaryimage","url":"https:\/\/mirbaskov.com\/wp-content\/uploads\/2025\/08\/138341.jpg","contentUrl":"https:\/\/mirbaskov.com\/wp-content\/uploads\/2025\/08\/138341.jpg","width":2000,"height":1239},{"@type":"BreadcrumbList","@id":"https:\/\/mirbaskov.com\/es\/servicios-exclusivos\/#breadcrumb","itemListElement":[{"@type":"ListItem","position":1,"name":"Portada","item":"https:\/\/mirbaskov.com\/es\/"},{"@type":"ListItem","position":2,"name":"Servicios exclusivos"}]},{"@type":"WebSite","@id":"https:\/\/mirbaskov.com\/es\/#website","url":"https:\/\/mirbaskov.com\/es\/","name":"Mir Baskov","description":"Tours guiados en San Sebasti\u00e1n, Bilbao, La Rioja, Iparralde, Navarra\u2026 Visitas privadas y personalizadas en ruso, ingl\u00e9s o espa\u00f1ol.","publisher":{"@id":"https:\/\/mirbaskov.com\/es\/#organization"},"potentialAction":[{"@type":"SearchAction","target":{"@type":"EntryPoint","urlTemplate":"https:\/\/mirbaskov.com\/es\/?s={search_term_string}"},"query-input":{"@type":"PropertyValueSpecification","valueRequired":true,"valueName":"search_term_string"}}],"inLanguage":"es"},{"@type":"Organization","@id":"https:\/\/mirbaskov.com\/es\/#organization","name":"Mir Baskov","url":"https:\/\/mirbaskov.com\/es\/","logo":{"@type":"ImageObject","inLanguage":"es","@id":"https:\/\/mirbaskov.com\/es\/#\/schema\/logo\/image\/","url":"https:\/\/mirbaskov.com\/wp-content\/uploads\/2025\/10\/mir-baskov-blanco.png","contentUrl":"https:\/\/mirbaskov.com\/wp-content\/uploads\/2025\/10\/mir-baskov-blanco.png","width":740,"height":297,"caption":"Mir Baskov"},"image":{"@id":"https:\/\/mirbaskov.com\/es\/#\/schema\/logo\/image\/"}}]}},"mfb_rest_fields":["title","yoast_head","yoast_head_json"],"_links":{"self":[{"href":"https:\/\/mirbaskov.com\/es\/wp-json\/wp\/v2\/pages\/59","targetHints":{"allow":["GET"]}}],"collection":[{"href":"https:\/\/mirbaskov.com\/es\/wp-json\/wp\/v2\/pages"}],"about":[{"href":"https:\/\/mirbaskov.com\/es\/wp-json\/wp\/v2\/types\/page"}],"author":[{"embeddable":true,"href":"https:\/\/mirbaskov.com\/es\/wp-json\/wp\/v2\/users\/2"}],"replies":[{"embeddable":true,"href":"https:\/\/mirbaskov.com\/es\/wp-json\/wp\/v2\/comments?post=59"}],"version-history":[{"count":22,"href":"https:\/\/mirbaskov.com\/es\/wp-json\/wp\/v2\/pages\/59\/revisions"}],"predecessor-version":[{"id":2913,"href":"https:\/\/mirbaskov.com\/es\/wp-json\/wp\/v2\/pages\/59\/revisions\/2913"}],"wp:featuredmedia":[{"embeddable":true,"href":"https:\/\/mirbaskov.com\/es\/wp-json\/wp\/v2\/media\/879"}],"wp:attachment":[{"href":"https:\/\/mirbaskov.com\/es\/wp-json\/wp\/v2\/media?parent=59"}],"curies":[{"name":"wp","href":"https:\/\/api.w.org\/{rel}","templated":true}]}}